{"id":870,"date":"2024-02-25T08:56:22","date_gmt":"2024-02-25T07:56:22","guid":{"rendered":"http:\/\/veterinarska-bolnica.si\/?page_id=870"},"modified":"2024-03-01T13:19:23","modified_gmt":"2024-03-01T12:19:23","slug":"hrana-za-male-zivali","status":"publish","type":"page","link":"http:\/\/veterinarska-bolnica.si\/?page_id=870","title":{"rendered":"Hrana za male \u017eivali"},"content":{"rendered":"\n<div class=\"wp-block-group alignfull has-background-background-color has-background is-layout-constrained wp-container-core-group-layout-1 wp-block-group-is-layout-constrained\" style=\"margin-top:0;margin-bottom:0;padding-top:var(--wp--preset--spacing--60);padding-right:var(--wp--preset--spacing--30);padding-bottom:var(--wp--preset--spacing--60);padding-left:var(--wp--preset--spacing--30)\">\n<h3 class=\"wp-block-heading has-text-align-center has-normal-font-size\">Dietna hrana za Va\u0161e hi\u0161ne ljubljen\u010dke<\/h3>\n\n\n\n<p class=\"has-text-align-center has-small-font-size\">Ponosni smo, da lahko ponudimo vrhunsko izbiro dietne hrane za va\u0161e ljubljen\u010dke. Te specializirane formule, ki so jih ro\u010dno izbrali na\u0161i veterinarski strokovnjaki, ustrezajo razli\u010dnim zdravstvenim potrebam, vklju\u010dno z uravnavanjem telesne te\u017ee, prebavno ob\u010dutljivostjo in zdravjem sklepov. <\/p>\n\n\n\n<p class=\"has-text-align-center has-small-font-size\">Z visokokakovostnimi sestavinami in prilagojeno prehrano na\u0161a dietna hrana zagotavlja va\u0161im kosmatim prijateljem optimalno podporo, ki si jo zaslu\u017eijo.<\/p>\n\n\n\n<p class=\"has-text-align-center has-small-font-size\" style=\"margin-top:16px\"><strong>Za dodatne informacije ali posvetovanje z na\u0161imi strokovnjaki se oglasite v kateri od na\u0161ih ambulant ali nas kontaktirajte preko spleta.<\/strong><\/p>\n<\/div>\n\n\n\n<div class=\"wp-block-group alignfull has-background-background-color has-background is-layout-constrained wp-container-core-group-layout-5 wp-block-group-is-layout-constrained\" style=\"margin-top:0;margin-bottom:0;padding-top:var(--wp--preset--spacing--60);padding-right:var(--wp--preset--spacing--30);padding-bottom:var(--wp--preset--spacing--60);padding-left:var(--wp--preset--spacing--30)\">\n<div class=\"wp-block-columns alignwide is-layout-flex wp-container-core-columns-layout-1 wp-block-columns-is-layout-flex\">\n<div class=\"wp-block-column is-layout-flow wp-block-column-is-layout-flow\">\n<figure class=\"wp-block-image size-full is-resized has-custom-border ext-import\"><img loading=\"lazy\" decoding=\"async\" width=\"1024\" height=\"1024\" src=\"http:\/\/veterinarska-bolnica.si\/wp-content\/uploads\/2024\/02\/royal-canin-1024x1024-1.png\" alt=\"\" class=\"has-border-color wp-image-879\" style=\"border-color:#3E84DC;border-radius:63px;object-fit:cover;width:400px;height:300px\" srcset=\"http:\/\/veterinarska-bolnica.si\/wp-content\/uploads\/2024\/02\/royal-canin-1024x1024-1.png 1024w, http:\/\/veterinarska-bolnica.si\/wp-content\/uploads\/2024\/02\/royal-canin-1024x1024-1-300x300.png 300w, http:\/\/veterinarska-bolnica.si\/wp-content\/uploads\/2024\/02\/royal-canin-1024x1024-1-150x150.png 150w, http:\/\/veterinarska-bolnica.si\/wp-content\/uploads\/2024\/02\/royal-canin-1024x1024-1-768x768.png 768w\" sizes=\"(max-width: 1024px) 100vw, 1024px\" \/><\/figure>\n\n\n\n<div class=\"wp-block-group is-layout-constrained wp-block-group-is-layout-constrained\">\n<h3 class=\"wp-block-heading has-text-align-left\" style=\"font-size:20px\">Royal Canin<\/h3>\n\n\n\n<p class=\"has-small-font-size\" style=\"margin-top:12px\">Predstavljamo vrhunsko dietno hrano Royal Canin za hi\u0161ne ljubljen\u010dke, izdelano z natan\u010dnostjo, da zadovolji njihove edinstvene prehranske potrebe. Na\u0161i natan\u010dno oblikovani recepti so zasnovani tako, da negujejo zdravje va\u0161ega ljubljen\u010dka od znotraj navzven in zagotavljajo prilagojene re\u0161itve za vsako \u017eivljenjsko obdobje in posebne zdravstvene te\u017eave. <\/p>\n\n\n\n<p class=\"has-small-font-size\" style=\"margin-top:12px\">Ne glede na to, ali gre za specializirano dieto za uravnavanje telesne te\u017ee, ob\u010dutljivost prebavil ali zdravje sklepov, Royal Canin zagotavlja znanstveno podprto prehrano, ki va\u0161emu ljubljen\u010dku pomaga do kvalitetnej\u0161ega \u017eivljenja. Z zavezanostjo kakovostnim sestavinam in naprednim raziskavam zaupajte Royal Caninu, da bo zagotovil optimalno ravnovesje hranilnih snovi za dobro po\u010dutje va\u0161ega kosmatega spremljevalca. <\/p>\n\n\n\n<p class=\"has-small-font-size\" style=\"margin-top:12px\">Zagotovite svojemu hi\u0161nemu ljubljen\u010dku kraljevsko obravnavo, ki si jo zaslu\u017ei z Royal Canin.<\/p>\n\n\n\n<div class=\"wp-block-buttons is-layout-flex wp-block-buttons-is-layout-flex\"><\/div>\n<\/div>\n<\/div>\n\n\n\n<div class=\"wp-block-column is-layout-flow wp-block-column-is-layout-flow\">\n<figure class=\"wp-block-image size-full is-resized has-custom-border ext-import\"><img loading=\"lazy\" decoding=\"async\" width=\"500\" height=\"500\" src=\"http:\/\/veterinarska-bolnica.si\/wp-content\/uploads\/2024\/02\/composit-cat-vet-2022-500x500-1.jpg\" alt=\"\" class=\"has-border-color has-accent-border-color wp-image-881\" style=\"border-radius:63px;object-fit:cover;width:400px;height:300px\" srcset=\"http:\/\/veterinarska-bolnica.si\/wp-content\/uploads\/2024\/02\/composit-cat-vet-2022-500x500-1.jpg 500w, http:\/\/veterinarska-bolnica.si\/wp-content\/uploads\/2024\/02\/composit-cat-vet-2022-500x500-1-300x300.jpg 300w, http:\/\/veterinarska-bolnica.si\/wp-content\/uploads\/2024\/02\/composit-cat-vet-2022-500x500-1-150x150.jpg 150w\" sizes=\"(max-width: 500px) 100vw, 500px\" \/><\/figure>\n\n\n\n<div class=\"wp-block-group is-layout-constrained wp-block-group-is-layout-constrained\">\n<h3 class=\"wp-block-heading has-text-align-left\" style=\"font-size:20px\">VetSolution (Monge)<\/h3>\n\n\n\n<p class=\"has-small-font-size\">Odkrijte VetSolutions, re\u0161itev za prehranske potrebe va\u0161ega ljubljen\u010dka. Na\u0161o specializirano dietno hrano pripravljajo veterinarji za re\u0161evanje \u0161tevilnih zdravstvenih te\u017eav, od uravnavanja telesne te\u017ee do zdravja se\u010dil in ve\u010d. <\/p>\n\n\n\n<p class=\"has-small-font-size\">Vsaka formula je natan\u010dno zasnovana z visokokakovostnimi sestavinami za podporo dobrega po\u010dutja in vitalnosti va\u0161ega ljubljen\u010dka. Z VetSolutions lahko zaupate, da va\u0161 ljubljen\u010dek prejme optimalno prehrano.<\/p>\n\n\n\n<p class=\"has-small-font-size\">Zagotovite svojemu kosmatemu prijatelju nego, ki si jo zaslu\u017ei z VetSolutions.<\/p>\n\n\n\n<div class=\"wp-block-buttons is-layout-flex wp-block-buttons-is-layout-flex\"><\/div>\n<\/div>\n<\/div>\n\n\n\n<div class=\"wp-block-column is-layout-flow wp-block-column-is-layout-flow\">\n<figure class=\"wp-block-image size-full is-resized has-custom-border ext-import\"><img loading=\"lazy\" decoding=\"async\" width=\"800\" height=\"800\" src=\"http:\/\/veterinarska-bolnica.si\/wp-content\/uploads\/2024\/02\/my-11134207-7r98o-lmklnkwk1bbqbc.jpeg\" alt=\"\" class=\"has-border-color has-accent-border-color wp-image-883\" style=\"border-radius:63px;object-fit:cover;width:400px;height:300px\" srcset=\"http:\/\/veterinarska-bolnica.si\/wp-content\/uploads\/2024\/02\/my-11134207-7r98o-lmklnkwk1bbqbc.jpeg 800w, http:\/\/veterinarska-bolnica.si\/wp-content\/uploads\/2024\/02\/my-11134207-7r98o-lmklnkwk1bbqbc-300x300.jpeg 300w, http:\/\/veterinarska-bolnica.si\/wp-content\/uploads\/2024\/02\/my-11134207-7r98o-lmklnkwk1bbqbc-150x150.jpeg 150w, http:\/\/veterinarska-bolnica.si\/wp-content\/uploads\/2024\/02\/my-11134207-7r98o-lmklnkwk1bbqbc-768x768.jpeg 768w\" sizes=\"(max-width: 800px) 100vw, 800px\" \/><\/figure>\n\n\n\n<div class=\"wp-block-group is-layout-constrained wp-block-group-is-layout-constrained\">\n<h3 class=\"wp-block-heading has-text-align-left\" style=\"font-size:20px\">Brit care<\/h3>\n\n\n\n<p class=\"has-small-font-size\" style=\"margin-top:12px\">Predstavljamo prvovrstno dietno hrano Brit Care za hi\u0161ne ljubljen\u010dke, skrbno oblikovano za podporo zdravju in vitalnosti va\u0161ega ljubljen\u010dka. <\/p>\n\n\n\n<p class=\"has-small-font-size\" style=\"margin-top:12px\">Na\u0161e specializirane formule so oblikovali strokovnjaki za re\u0161evanje \u0161tevilnih zdravstvenih te\u017eav, kot so obvladovanje sladkorne bolezni, ob\u010dutljiva prebava in zdravje sklepov. Narejen iz visokokakovostnih sestavin in podprt z znanstvenimi raziskavami, Brit Care zagotavlja prilagojeno prehrano, ki bo va\u0161emu ljubljen\u010dku pomagala do najbolj\u0161ega \u017eivljenja. <\/p>\n\n\n\n<p class=\"has-small-font-size\" style=\"margin-top:12px\">Zaupajte Brit Care, da nahranite svojega kosmatega spremljevalca z uravnote\u017eeno prehrano. Izberite Brit Care za sre\u010dnej\u0161ega in bolj zdravega ljubljen\u010dka.<\/p>\n\n\n\n<div class=\"wp-block-buttons is-layout-flex wp-block-buttons-is-layout-flex\"><\/div>\n<\/div>\n<\/div>\n<\/div>\n<\/div>\n","protected":false},"excerpt":{"rendered":"<p>Dietna hrana za Va\u0161e hi\u0161ne ljubljen\u010dke Ponosni smo, da lahko ponudimo vrhunsko izbiro dietne hrane za va\u0161e ljubljen\u010dke. Te specializirane formule, ki so jih ro\u010dno izbrali na\u0161i veterinarski strokovnjaki, ustrezajo razli\u010dnim zdravstvenim potrebam, vklju\u010dno z uravnavanjem telesne te\u017ee, prebavno ob\u010dutljivostjo in zdravjem sklepov. Z visokokakovostnimi sestavinami in prilagojeno prehrano na\u0161a dietna hrana zagotavlja va\u0161im kosmatim [&hellip;]<\/p>\n","protected":false},"author":2,"featured_media":0,"parent":0,"menu_order":0,"comment_status":"closed","ping_status":"closed","template":"","meta":{"_eb_attr":"","footnotes":""},"_links":{"self":[{"href":"http:\/\/veterinarska-bolnica.si\/index.php?rest_route=\/wp\/v2\/pages\/870"}],"collection":[{"href":"http:\/\/veterinarska-bolnica.si\/index.php?rest_route=\/wp\/v2\/pages"}],"about":[{"href":"http:\/\/veterinarska-bolnica.si\/index.php?rest_route=\/wp\/v2\/types\/page"}],"author":[{"embeddable":true,"href":"http:\/\/veterinarska-bolnica.si\/index.php?rest_route=\/wp\/v2\/users\/2"}],"replies":[{"embeddable":true,"href":"http:\/\/veterinarska-bolnica.si\/index.php?rest_route=%2Fwp%2Fv2%2Fcomments&post=870"}],"version-history":[{"count":16,"href":"http:\/\/veterinarska-bolnica.si\/index.php?rest_route=\/wp\/v2\/pages\/870\/revisions"}],"predecessor-version":[{"id":919,"href":"http:\/\/veterinarska-bolnica.si\/index.php?rest_route=\/wp\/v2\/pages\/870\/revisions\/919"}],"wp:attachment":[{"href":"http:\/\/veterinarska-bolnica.si\/index.php?rest_route=%2Fwp%2Fv2%2Fmedia&parent=870"}],"curies":[{"name":"wp","href":"https:\/\/api.w.org\/{rel}","templated":true}]}}