{"id":766,"date":"2024-02-22T15:38:28","date_gmt":"2024-02-22T14:38:28","guid":{"rendered":"http:\/\/veterinarska-bolnica.si\/?page_id=766"},"modified":"2024-03-01T12:43:53","modified_gmt":"2024-03-01T11:43:53","slug":"velika-praksa","status":"publish","type":"page","link":"http:\/\/veterinarska-bolnica.si\/?page_id=766","title":{"rendered":"Velika praksa"},"content":{"rendered":"\n<div id=\"about-section\" class=\"wp-block-group is-content-justification-center is-layout-constrained wp-container-core-group-layout-4 wp-block-group-is-layout-constrained\">\n<h2 class=\"wp-block-heading has-text-align-center wow fadeInUp has-large-font-size\" style=\"font-style:normal;font-weight:500\">Ekipa Velike prakse<\/h2>\n\n\n\n<p class=\"has-text-align-center wow fadeInUp has-medium-font-size\">Na\u0161i izku\u0161eni veterinarji so specializirani za oskrbo in upravljanje \u017eivine ter zagotavljajo celovite storitve, prilagojene edinstvenim potrebam va\u0161e kmetije. Od rutinskih zdravstvenih pregledov in cepljenja do nujne oskrbe in kirur\u0161kih posegov, predani smo zagotavljanju zdravja in produktivnosti va\u0161ih dragocenih \u017eivali. <\/p>\n\n\n\n<p class=\"has-text-align-center wow fadeInUp has-medium-font-size\">Z globokim razumevanjem kmetijskih praks in predanostjo dobremu po\u010dutju \u017eivali nam lahko zaupate, da bomo va\u0161 partner pri ohranjanju zdravja in vitalnosti va\u0161e kmetije.<\/p>\n\n\n\n<div class=\"wp-block-columns wow fadeInUp is-layout-flex wp-container-core-columns-layout-1 wp-block-columns-is-layout-flex\">\n<div class=\"wp-block-column is-layout-flow wp-block-column-is-layout-flow\">\n<figure class=\"wp-block-image size-full is-resized\"><img loading=\"lazy\" decoding=\"async\" width=\"1707\" height=\"2560\" src=\"http:\/\/veterinarska-bolnica.si\/wp-content\/uploads\/2024\/02\/unnamed-2-scaled.jpg\" alt=\"\" class=\"wp-image-819\" style=\"width:398px;height:420px\" srcset=\"http:\/\/veterinarska-bolnica.si\/wp-content\/uploads\/2024\/02\/unnamed-2-scaled.jpg 1707w, http:\/\/veterinarska-bolnica.si\/wp-content\/uploads\/2024\/02\/unnamed-2-200x300.jpg 200w, http:\/\/veterinarska-bolnica.si\/wp-content\/uploads\/2024\/02\/unnamed-2-683x1024.jpg 683w, http:\/\/veterinarska-bolnica.si\/wp-content\/uploads\/2024\/02\/unnamed-2-768x1152.jpg 768w, http:\/\/veterinarska-bolnica.si\/wp-content\/uploads\/2024\/02\/unnamed-2-1024x1536.jpg 1024w, http:\/\/veterinarska-bolnica.si\/wp-content\/uploads\/2024\/02\/unnamed-2-1365x2048.jpg 1365w\" sizes=\"(max-width: 1707px) 100vw, 1707px\" \/><\/figure>\n\n\n\n<div id=\"team-box\" class=\"wp-block-group is-layout-constrained wp-block-group-is-layout-constrained\" style=\"border-top-style:none;border-top-width:0px;border-right-width:2px;border-bottom-width:2px;border-left-width:2px;margin-top:0;margin-bottom:0;padding-top:var(--wp--preset--spacing--50);padding-right:var(--wp--preset--spacing--50);padding-bottom:var(--wp--preset--spacing--50);padding-left:var(--wp--preset--spacing--50)\">\n<h3 class=\"wp-block-heading has-text-align-center\" style=\"font-style:normal;font-weight:500\">Zoran Juri\u010di\u010d<\/h3>\n\n\n\n<p class=\"has-text-align-center\">dr. vet. med., Direktor<\/p>\n<\/div>\n<\/div>\n\n\n\n<div class=\"wp-block-column is-layout-flow wp-block-column-is-layout-flow\">\n<figure class=\"wp-block-image size-full is-resized\"><img loading=\"lazy\" decoding=\"async\" width=\"1707\" height=\"2560\" src=\"http:\/\/veterinarska-bolnica.si\/wp-content\/uploads\/2024\/02\/unnamed-11-scaled.jpg\" alt=\"\" class=\"wp-image-828\" style=\"width:398px;height:420px\" srcset=\"http:\/\/veterinarska-bolnica.si\/wp-content\/uploads\/2024\/02\/unnamed-11-scaled.jpg 1707w, http:\/\/veterinarska-bolnica.si\/wp-content\/uploads\/2024\/02\/unnamed-11-200x300.jpg 200w, http:\/\/veterinarska-bolnica.si\/wp-content\/uploads\/2024\/02\/unnamed-11-683x1024.jpg 683w, http:\/\/veterinarska-bolnica.si\/wp-content\/uploads\/2024\/02\/unnamed-11-768x1152.jpg 768w, http:\/\/veterinarska-bolnica.si\/wp-content\/uploads\/2024\/02\/unnamed-11-1024x1536.jpg 1024w, http:\/\/veterinarska-bolnica.si\/wp-content\/uploads\/2024\/02\/unnamed-11-1365x2048.jpg 1365w\" sizes=\"(max-width: 1707px) 100vw, 1707px\" \/><\/figure>\n\n\n\n<div id=\"team-box\" class=\"wp-block-group is-layout-constrained wp-block-group-is-layout-constrained\" style=\"border-top-style:none;border-top-width:0px;border-right-width:2px;border-bottom-width:2px;border-left-width:2px;margin-top:0;margin-bottom:0;padding-top:var(--wp--preset--spacing--50);padding-right:var(--wp--preset--spacing--50);padding-bottom:var(--wp--preset--spacing--50);padding-left:var(--wp--preset--spacing--50)\">\n<h3 class=\"wp-block-heading has-text-align-center\" style=\"font-style:normal;font-weight:500\">Ale\u0161 Majcenovi\u010d<\/h3>\n\n\n\n<p class=\"has-text-align-center\">dr. vet. med.<\/p>\n<\/div>\n<\/div>\n\n\n\n<div class=\"wp-block-column is-layout-flow wp-block-column-is-layout-flow\">\n<figure class=\"wp-block-image size-full is-resized\"><img loading=\"lazy\" decoding=\"async\" width=\"1707\" height=\"2560\" src=\"http:\/\/veterinarska-bolnica.si\/wp-content\/uploads\/2024\/02\/unnamed-1-1-scaled.jpg\" alt=\"\" class=\"wp-image-818\" style=\"width:398px;height:420px\" srcset=\"http:\/\/veterinarska-bolnica.si\/wp-content\/uploads\/2024\/02\/unnamed-1-1-scaled.jpg 1707w, http:\/\/veterinarska-bolnica.si\/wp-content\/uploads\/2024\/02\/unnamed-1-1-200x300.jpg 200w, http:\/\/veterinarska-bolnica.si\/wp-content\/uploads\/2024\/02\/unnamed-1-1-683x1024.jpg 683w, http:\/\/veterinarska-bolnica.si\/wp-content\/uploads\/2024\/02\/unnamed-1-1-768x1152.jpg 768w, http:\/\/veterinarska-bolnica.si\/wp-content\/uploads\/2024\/02\/unnamed-1-1-1024x1536.jpg 1024w, http:\/\/veterinarska-bolnica.si\/wp-content\/uploads\/2024\/02\/unnamed-1-1-1365x2048.jpg 1365w\" sizes=\"(max-width: 1707px) 100vw, 1707px\" \/><\/figure>\n\n\n\n<div id=\"team-box\" class=\"wp-block-group is-layout-constrained wp-block-group-is-layout-constrained\" style=\"border-top-style:none;border-top-width:0px;border-right-width:2px;border-bottom-width:2px;border-left-width:2px;margin-top:0;margin-bottom:0;padding-top:var(--wp--preset--spacing--50);padding-right:var(--wp--preset--spacing--50);padding-bottom:var(--wp--preset--spacing--50);padding-left:var(--wp--preset--spacing--50)\">\n<h3 class=\"wp-block-heading has-text-align-center\" style=\"font-style:normal;font-weight:500\">Sebastijan Toplak<\/h3>\n\n\n\n<p class=\"has-text-align-center\">dr. vet. med<\/p>\n<\/div>\n<\/div>\n<\/div>\n<\/div>\n\n\n\n<div id=\"about-section\" class=\"wp-block-group is-content-justification-center is-layout-constrained wp-container-core-group-layout-7 wp-block-group-is-layout-constrained\">\n<div class=\"wp-block-columns wow fadeInUp is-layout-flex wp-container-core-columns-layout-2 wp-block-columns-is-layout-flex\">\n<div class=\"wp-block-column is-layout-flow wp-block-column-is-layout-flow\">\n<figure class=\"wp-block-image size-full is-resized\"><img loading=\"lazy\" decoding=\"async\" width=\"1707\" height=\"2560\" src=\"http:\/\/veterinarska-bolnica.si\/wp-content\/uploads\/2024\/02\/unnamed-12-scaled.jpg\" alt=\"\" class=\"wp-image-829\" style=\"width:398px;height:420px\" srcset=\"http:\/\/veterinarska-bolnica.si\/wp-content\/uploads\/2024\/02\/unnamed-12-scaled.jpg 1707w, http:\/\/veterinarska-bolnica.si\/wp-content\/uploads\/2024\/02\/unnamed-12-200x300.jpg 200w, http:\/\/veterinarska-bolnica.si\/wp-content\/uploads\/2024\/02\/unnamed-12-683x1024.jpg 683w, http:\/\/veterinarska-bolnica.si\/wp-content\/uploads\/2024\/02\/unnamed-12-768x1152.jpg 768w, http:\/\/veterinarska-bolnica.si\/wp-content\/uploads\/2024\/02\/unnamed-12-1024x1536.jpg 1024w, http:\/\/veterinarska-bolnica.si\/wp-content\/uploads\/2024\/02\/unnamed-12-1365x2048.jpg 1365w\" sizes=\"(max-width: 1707px) 100vw, 1707px\" \/><\/figure>\n\n\n\n<div id=\"team-box\" class=\"wp-block-group is-layout-constrained wp-block-group-is-layout-constrained\" style=\"border-top-style:none;border-top-width:0px;border-right-width:2px;border-bottom-width:2px;border-left-width:2px;margin-top:0;margin-bottom:0;padding-top:var(--wp--preset--spacing--50);padding-right:var(--wp--preset--spacing--50);padding-bottom:var(--wp--preset--spacing--50);padding-left:var(--wp--preset--spacing--50)\">\n<h3 class=\"wp-block-heading has-text-align-center\" style=\"font-style:normal;font-weight:500\">Mateja Medik<\/h3>\n\n\n\n<p class=\"has-text-align-center\">dr. vet. med.<\/p>\n<\/div>\n<\/div>\n\n\n\n<div class=\"wp-block-column is-layout-flow wp-block-column-is-layout-flow\">\n<figure class=\"wp-block-image size-full is-resized\"><img loading=\"lazy\" decoding=\"async\" width=\"1707\" height=\"2560\" src=\"http:\/\/veterinarska-bolnica.si\/wp-content\/uploads\/2024\/02\/unnamed-4-scaled.jpg\" alt=\"\" class=\"wp-image-821\" style=\"width:398px;height:420px\" srcset=\"http:\/\/veterinarska-bolnica.si\/wp-content\/uploads\/2024\/02\/unnamed-4-scaled.jpg 1707w, http:\/\/veterinarska-bolnica.si\/wp-content\/uploads\/2024\/02\/unnamed-4-200x300.jpg 200w, http:\/\/veterinarska-bolnica.si\/wp-content\/uploads\/2024\/02\/unnamed-4-683x1024.jpg 683w, http:\/\/veterinarska-bolnica.si\/wp-content\/uploads\/2024\/02\/unnamed-4-768x1152.jpg 768w, http:\/\/veterinarska-bolnica.si\/wp-content\/uploads\/2024\/02\/unnamed-4-1024x1536.jpg 1024w, http:\/\/veterinarska-bolnica.si\/wp-content\/uploads\/2024\/02\/unnamed-4-1365x2048.jpg 1365w\" sizes=\"(max-width: 1707px) 100vw, 1707px\" \/><\/figure>\n\n\n\n<div id=\"team-box\" class=\"wp-block-group is-layout-constrained wp-block-group-is-layout-constrained\" style=\"border-top-style:none;border-top-width:0px;border-right-width:2px;border-bottom-width:2px;border-left-width:2px;margin-top:0;margin-bottom:0;padding-top:var(--wp--preset--spacing--50);padding-right:var(--wp--preset--spacing--50);padding-bottom:var(--wp--preset--spacing--50);padding-left:var(--wp--preset--spacing--50)\">\n<h3 class=\"wp-block-heading has-text-align-center\" style=\"font-style:normal;font-weight:500\">Gorazd Ekart<\/h3>\n\n\n\n<p class=\"has-text-align-center\">vet. tehnik<\/p>\n<\/div>\n<\/div>\n\n\n\n<div class=\"wp-block-column is-layout-flow wp-block-column-is-layout-flow\"><\/div>\n<\/div>\n<\/div>\n","protected":false},"excerpt":{"rendered":"<p>Ekipa Velike prakse Na\u0161i izku\u0161eni veterinarji so specializirani za oskrbo in upravljanje \u017eivine ter zagotavljajo celovite storitve, prilagojene edinstvenim potrebam va\u0161e kmetije. Od rutinskih zdravstvenih pregledov in cepljenja do nujne oskrbe in kirur\u0161kih posegov, predani smo zagotavljanju zdravja in produktivnosti va\u0161ih dragocenih \u017eivali. Z globokim razumevanjem kmetijskih praks in predanostjo dobremu po\u010dutju \u017eivali nam lahko [&hellip;]<\/p>\n","protected":false},"author":2,"featured_media":0,"parent":0,"menu_order":0,"comment_status":"closed","ping_status":"closed","template":"","meta":{"_eb_attr":"","footnotes":""},"_links":{"self":[{"href":"http:\/\/veterinarska-bolnica.si\/index.php?rest_route=\/wp\/v2\/pages\/766"}],"collection":[{"href":"http:\/\/veterinarska-bolnica.si\/index.php?rest_route=\/wp\/v2\/pages"}],"about":[{"href":"http:\/\/veterinarska-bolnica.si\/index.php?rest_route=\/wp\/v2\/types\/page"}],"author":[{"embeddable":true,"href":"http:\/\/veterinarska-bolnica.si\/index.php?rest_route=\/wp\/v2\/users\/2"}],"replies":[{"embeddable":true,"href":"http:\/\/veterinarska-bolnica.si\/index.php?rest_route=%2Fwp%2Fv2%2Fcomments&post=766"}],"version-history":[{"count":22,"href":"http:\/\/veterinarska-bolnica.si\/index.php?rest_route=\/wp\/v2\/pages\/766\/revisions"}],"predecessor-version":[{"id":909,"href":"http:\/\/veterinarska-bolnica.si\/index.php?rest_route=\/wp\/v2\/pages\/766\/revisions\/909"}],"wp:attachment":[{"href":"http:\/\/veterinarska-bolnica.si\/index.php?rest_route=%2Fwp%2Fv2%2Fmedia&parent=766"}],"curies":[{"name":"wp","href":"https:\/\/api.w.org\/{rel}","templated":true}]}}