{"id":764,"date":"2024-02-22T15:37:43","date_gmt":"2024-02-22T14:37:43","guid":{"rendered":"http:\/\/veterinarska-bolnica.si\/?page_id=764"},"modified":"2024-02-22T15:43:23","modified_gmt":"2024-02-22T14:43:23","slug":"aktualno","status":"publish","type":"page","link":"http:\/\/veterinarska-bolnica.si\/?page_id=764","title":{"rendered":"Aktualno"},"content":{"rendered":"\n<div class=\"wp-block-query is-layout-flow wp-block-query-is-layout-flow\"><ul class=\"columns-3 wp-block-post-template is-layout-grid wp-container-core-post-template-layout-1 wp-block-post-template-is-layout-grid\"><li class=\"wp-block-post post-950 post type-post status-publish format-standard hentry category-uncategorized\">\n\n<div class=\"wp-block-group is-layout-flow wp-block-group-is-layout-flow\" style=\"padding-top:30px;padding-right:30px;padding-bottom:30px;padding-left:30px\"><h2 class=\"wp-block-post-title\"><a href=\"http:\/\/veterinarska-bolnica.si\/?p=950\" target=\"_self\" >Obvestilo \u2013 cepljenje proti modrikastemu jeziku (BT)<\/a><\/h2>\n\n<div class=\"wp-block-post-excerpt\"><p class=\"wp-block-post-excerpt__excerpt\">Zaradi izbruha bolezni modrikastega jezika (BT) v Sloveniji in za za\u0161\u010dito sektorjadrobnice in govedoreje bo v letu 2026 izvedeno obvezno\u00a0cepljenje\u00a0goveda inrobnice.\u00a0 Cepljenje\u00a0se bo za\u010delo 1. januarja 2026, rejci morajo svoje \u017eivali cepiti najpozneje do Vse stranke na na\u0161em koncesijskem podro\u010dju bomo obve\u0161\u010dali in se dogovorili ocepljenju. Za naro\u010dilo cepljenja pokli\u010dite 02 228 37 00. Vse&hellip; <\/p><\/div>\n\n<div class=\"wp-block-post-date\"><time datetime=\"2026-01-07T08:17:00+01:00\">7. 1. 2026<\/time><\/div><\/div>\n\n<\/li><li class=\"wp-block-post post-946 post type-post status-publish format-standard hentry category-uncategorized\">\n\n<div class=\"wp-block-group is-layout-flow wp-block-group-is-layout-flow\" style=\"padding-top:30px;padding-right:30px;padding-bottom:30px;padding-left:30px\"><h2 class=\"wp-block-post-title\"><a href=\"http:\/\/veterinarska-bolnica.si\/?p=946\" target=\"_self\" >Obvestilo \u2013 kastracija pujskov<\/a><\/h2>\n\n<div class=\"wp-block-post-excerpt\"><p class=\"wp-block-post-excerpt__excerpt\">S 1. januarjem 2026 bo, kot dolo\u010da novela Zakona o za\u0161\u010diti \u017eivali, kastracija pujskovdo sedmega dne starosti dovoljena le z uporabo anestezije in analgezije. Ta\u00a0prehodprina\u0161a dodatne stro\u0161ke. Da bi se zagotovilo enako obravnavanje rejcev indoseganje vi\u0161je ravni dobrobiti \u017eivali, bo dr\u017eava za obdobje dveh let zagotovilasofinanciranje.Rejec bo pla\u010dal samo zdravila, storitev in prevoz financira dr\u017eava.Formular&hellip; <\/p><\/div>\n\n<div class=\"wp-block-post-date\"><time datetime=\"2026-01-07T08:10:24+01:00\">7. 1. 2026<\/time><\/div><\/div>\n\n<\/li><li class=\"wp-block-post post-311 post type-post status-publish format-standard hentry category-uncategorized\">\n\n<div class=\"wp-block-group is-layout-flow wp-block-group-is-layout-flow\" style=\"padding-top:30px;padding-right:30px;padding-bottom:30px;padding-left:30px\"><h2 class=\"wp-block-post-title\"><a href=\"http:\/\/veterinarska-bolnica.si\/?p=311\" target=\"_self\" >LETOS PRAZNUJEMO 70 LET!!<\/a><\/h2>\n\n<div class=\"wp-block-post-excerpt\"><p class=\"wp-block-post-excerpt__excerpt\">V letu 2017 praznujemo 70- letnico delovanja Veterinarske bolnice Maribor! O tem jubileju, na katerega smo zelo ponosni, sta bila zapisana tudi dva \u010dlanka v Ve\u010deru! Hvala za izkazano zaupanje! Hvala \u017ee sedemdeset let zapored. Tudi v letu, ki prihaja bomo z veseljem in strokovno poskrbeli za vse va\u0161e \u017eivali ( eksoti\u010dne \u017eivali, hi\u0161ni ljubljen\u010dki,&hellip; <\/p><\/div>\n\n<div class=\"wp-block-post-date\"><time datetime=\"2017-01-05T21:56:30+01:00\">5. 1. 2017<\/time><\/div><\/div>\n\n<\/li><\/ul><\/div>\n","protected":false},"excerpt":{"rendered":"","protected":false},"author":2,"featured_media":0,"parent":0,"menu_order":0,"comment_status":"closed","ping_status":"closed","template":"","meta":{"_eb_attr":"","footnotes":""},"_links":{"self":[{"href":"http:\/\/veterinarska-bolnica.si\/index.php?rest_route=\/wp\/v2\/pages\/764"}],"collection":[{"href":"http:\/\/veterinarska-bolnica.si\/index.php?rest_route=\/wp\/v2\/pages"}],"about":[{"href":"http:\/\/veterinarska-bolnica.si\/index.php?rest_route=\/wp\/v2\/types\/page"}],"author":[{"embeddable":true,"href":"http:\/\/veterinarska-bolnica.si\/index.php?rest_route=\/wp\/v2\/users\/2"}],"replies":[{"embeddable":true,"href":"http:\/\/veterinarska-bolnica.si\/index.php?rest_route=%2Fwp%2Fv2%2Fcomments&post=764"}],"version-history":[{"count":2,"href":"http:\/\/veterinarska-bolnica.si\/index.php?rest_route=\/wp\/v2\/pages\/764\/revisions"}],"predecessor-version":[{"id":773,"href":"http:\/\/veterinarska-bolnica.si\/index.php?rest_route=\/wp\/v2\/pages\/764\/revisions\/773"}],"wp:attachment":[{"href":"http:\/\/veterinarska-bolnica.si\/index.php?rest_route=%2Fwp%2Fv2%2Fmedia&parent=764"}],"curies":[{"name":"wp","href":"https:\/\/api.w.org\/{rel}","templated":true}]}}