{"id":12,"date":"2012-09-25T16:51:07","date_gmt":"2012-09-25T14:51:07","guid":{"rendered":"http:\/\/www.veterinarska-bolnica.si\/?page_id=12"},"modified":"2024-03-01T09:02:23","modified_gmt":"2024-03-01T08:02:23","slug":"kontakti","status":"publish","type":"page","link":"http:\/\/veterinarska-bolnica.si\/?page_id=12","title":{"rendered":"Na\u0161e ambulante"},"content":{"rendered":"\n<div class=\"wp-block-group alignfull has-secbackground-background-color has-background is-layout-flow wp-block-group-is-layout-flow\">\n<div class=\"wp-block-columns alignwide are-vertically-aligned-center is-layout-flex wp-container-core-columns-layout-1 wp-block-columns-is-layout-flex\">\n<div class=\"wp-block-column is-layout-flow wp-block-column-is-layout-flow\" style=\"flex-basis:50%\">\n<p class=\"has-text-color\" style=\"color:#000000;font-size:30px;line-height:1.1\">Veterinarska bolnica Maribor<\/p>\n<\/div>\n\n\n\n<div class=\"wp-block-column is-layout-flow wp-block-column-is-layout-flow\" style=\"flex-basis:50%\">\n<hr class=\"wp-block-separator has-text-color has-css-opacity has-background is-style-wide\" style=\"background-color:#000000;color:#000000\"\/>\n<\/div>\n<\/div>\n\n\n\n<div class=\"wp-block-columns alignwide is-layout-flex wp-container-core-columns-layout-2 wp-block-columns-is-layout-flex\">\n<div class=\"wp-block-column is-layout-flow wp-block-column-is-layout-flow\">\n<ul>\n<li>\u0160entiljska cesta 109, 2000 Maribor<\/li>\n\n\n\n<li>Telefon: 02 228 37 00<\/li>\n\n\n\n<li>E-po\u0161ta: info@veterinarska-bolnica.si<\/li>\n\n\n\n<li>ID DDV: SI52581900<\/li>\n<\/ul>\n\n\n\n<ul>\n<li>Delovni \u010das:\n<ul>\n<li>pon. &#8211; pet: od 8. do 19. ure<\/li>\n\n\n\n<li>sob.: od 8. do 13. ure<\/li>\n<\/ul>\n<\/li>\n<\/ul>\n<\/div>\n\n\n\n<div class=\"wp-block-column is-layout-flow wp-block-column-is-layout-flow\">\n<p class=\"has-text-color has-extra-small-font-size\" style=\"color:#000000\">Kratek opis ambulante<\/p>\n<\/div>\n\n\n\n<div class=\"wp-block-column is-layout-flow wp-block-column-is-layout-flow\">\n<iframe src=\"https:\/\/www.google.com\/maps\/embed?pb=!1m18!1m12!1m3!1d2742.2858359417733!2d15.660719513140837!3d46.58158647099362!2m3!1f0!2f0!3f0!3m2!1i1024!2i768!4f13.1!3m3!1m2!1s0x476f765f0ae9867d%3A0x2b7f82e7f849bac!2s%C5%A0entiljska%20cesta%20109%2C%202000%20Maribor!5e0!3m2!1ssl!2ssi!4v1708772649440!5m2!1ssl!2ssi\" width=\"300\" height=\"200\" style=\"border:0;\" allowfullscreen=\"\" loading=\"lazy\" referrerpolicy=\"no-referrer-when-downgrade\"><\/iframe>\n<\/div>\n<\/div>\n<\/div>\n\n\n\n<div class=\"wp-block-group alignfull has-fourground-background-color has-background is-layout-flow wp-block-group-is-layout-flow\">\n<div class=\"wp-block-columns alignwide are-vertically-aligned-center is-layout-flex wp-container-core-columns-layout-3 wp-block-columns-is-layout-flex\">\n<div class=\"wp-block-column is-layout-flow wp-block-column-is-layout-flow\" style=\"flex-basis:50%\">\n<p class=\"has-text-color\" style=\"color:#000000;font-size:30px;line-height:1.1\">Ambulanta Ho\u010de<\/p>\n<\/div>\n\n\n\n<div class=\"wp-block-column is-layout-flow wp-block-column-is-layout-flow\" style=\"flex-basis:50%\">\n<hr class=\"wp-block-separator has-text-color has-css-opacity has-background is-style-wide\" style=\"background-color:#000000;color:#000000\"\/>\n<\/div>\n<\/div>\n\n\n\n<div class=\"wp-block-columns alignwide is-layout-flex wp-container-core-columns-layout-4 wp-block-columns-is-layout-flex\">\n<div class=\"wp-block-column is-layout-flow wp-block-column-is-layout-flow\">\n<ul>\n<li>Zgornje Ho\u010de 7, 2311 Ho\u010de<\/li>\n\n\n\n<li>Telefon: 02 333 82 80<\/li>\n\n\n\n<li>E-po\u0161ta: info@veterinarska-bolnica.si<\/li>\n<\/ul>\n\n\n\n<ul>\n<li>Delovni \u010das:\n<ul>\n<li>pon. &#8211; pet: od 15. do 18. ure<\/li>\n<\/ul>\n<\/li>\n<\/ul>\n<\/div>\n\n\n\n<div class=\"wp-block-column is-layout-flow wp-block-column-is-layout-flow\">\n<p class=\"has-text-color has-extra-small-font-size\" style=\"color:#000000\">Kratek opis ambulante<\/p>\n<\/div>\n\n\n\n<div class=\"wp-block-column is-layout-flow wp-block-column-is-layout-flow\">\n<iframe src=\"https:\/\/www.google.com\/maps\/embed?pb=!1m18!1m12!1m3!1d2746.752926910268!2d15.624302613137967!3d46.49320457098899!2m3!1f0!2f0!3f0!3m2!1i1024!2i768!4f13.1!3m3!1m2!1s0x476f79a8f6620355%3A0x3bd03120a8295ab1!2zWmdvcm5qZSBIb8SNZSA3LCAyMzExIEhvxI1l!5e0!3m2!1ssl!2ssi!4v1708774486904!5m2!1ssl!2ssi\" width=\"300\" height=\"200\" style=\"border:0;\" allowfullscreen=\"\" loading=\"lazy\" referrerpolicy=\"no-referrer-when-downgrade\"><\/iframe>\n<\/div>\n<\/div>\n<\/div>\n\n\n\n<div class=\"wp-block-group alignfull has-secbackground-background-color has-background is-layout-flow wp-block-group-is-layout-flow\">\n<div class=\"wp-block-columns alignwide are-vertically-aligned-center is-layout-flex wp-container-core-columns-layout-5 wp-block-columns-is-layout-flex\">\n<div class=\"wp-block-column is-layout-flow wp-block-column-is-layout-flow\" style=\"flex-basis:50%\">\n<p class=\"has-text-color\" style=\"color:#000000;font-size:30px;line-height:1.1\">Ambulanta Ru\u0161e<\/p>\n<\/div>\n\n\n\n<div class=\"wp-block-column is-layout-flow wp-block-column-is-layout-flow\" style=\"flex-basis:50%\">\n<hr class=\"wp-block-separator has-text-color has-css-opacity has-background is-style-wide\" style=\"background-color:#000000;color:#000000\"\/>\n<\/div>\n<\/div>\n\n\n\n<div class=\"wp-block-columns alignwide is-layout-flex wp-container-core-columns-layout-6 wp-block-columns-is-layout-flex\">\n<div class=\"wp-block-column is-layout-flow wp-block-column-is-layout-flow\">\n<ul>\n<li>Mariborska cesta 12, 2342 Ru\u0161e<\/li>\n\n\n\n<li>Telefon: 02 830 05 70<\/li>\n\n\n\n<li>E-po\u0161ta: info@veterinarska-bolnica.si<\/li>\n<\/ul>\n\n\n\n<ul>\n<li>Delovni \u010das:\n<ul>\n<li>pon. &#8211; pet: od 15. do 18. ure<\/li>\n\n\n\n<li>sob.: od 9. do 12. ure<\/li>\n<\/ul>\n<\/li>\n<\/ul>\n<\/div>\n\n\n\n<div class=\"wp-block-column is-layout-flow wp-block-column-is-layout-flow\">\n<p class=\"has-text-color has-extra-small-font-size\" style=\"color:#000000\">Kratek opis ambulante<\/p>\n<\/div>\n\n\n\n<div class=\"wp-block-column is-layout-flow wp-block-column-is-layout-flow\">\n<iframe src=\"https:\/\/www.google.com\/maps\/embed?pb=!1m18!1m12!1m3!1d21955.513588016653!2d15.479755068743655!3d46.53899807869709!2m3!1f0!2f0!3f0!3m2!1i1024!2i768!4f13.1!3m3!1m2!1s0x476f8331bcc72215%3A0xefa274136152f21a!2sMariborska%20cesta%2012%2C%202342%20Ru%C5%A1e!5e0!3m2!1ssl!2ssi!4v1708774734558!5m2!1ssl!2ssi\" width=\"300\" height=\"200\" style=\"border:0;\" allowfullscreen=\"\" loading=\"lazy\" referrerpolicy=\"no-referrer-when-downgrade\"><\/iframe>\n<\/div>\n<\/div>\n<\/div>\n\n\n\n<div class=\"wp-block-group alignfull has-fourground-background-color has-background is-layout-flow wp-block-group-is-layout-flow\">\n<div class=\"wp-block-columns alignwide are-vertically-aligned-center is-layout-flex wp-container-core-columns-layout-7 wp-block-columns-is-layout-flex\">\n<div class=\"wp-block-column is-layout-flow wp-block-column-is-layout-flow\" style=\"flex-basis:50%\">\n<p class=\"has-text-color\" style=\"color:#000000;font-size:30px;line-height:1.1\">Ambulanta \u0160entilj v Slov. goricah<\/p>\n<\/div>\n\n\n\n<div class=\"wp-block-column is-layout-flow wp-block-column-is-layout-flow\" style=\"flex-basis:50%\">\n<hr class=\"wp-block-separator has-text-color has-css-opacity has-background is-style-wide\" style=\"background-color:#000000;color:#000000\"\/>\n<\/div>\n<\/div>\n\n\n\n<div class=\"wp-block-columns alignwide is-layout-flex wp-container-core-columns-layout-8 wp-block-columns-is-layout-flex\">\n<div class=\"wp-block-column is-layout-flow wp-block-column-is-layout-flow\">\n<ul>\n<li>Slovenska ulica 1 (prostori biv\u0161e lekarne), 2212 \u0160entilj<\/li>\n\n\n\n<li>Telefon: 0 205 69 37<\/li>\n\n\n\n<li>E-po\u0161ta: info@veterinarska-bolnica.si<\/li>\n<\/ul>\n\n\n\n<ul>\n<li>Delovni \u010das:\n<ul>\n<li>pon. &#8211; pet: od 9. do 12. ure<\/li>\n<\/ul>\n<\/li>\n<\/ul>\n<\/div>\n\n\n\n<div class=\"wp-block-column is-layout-flow wp-block-column-is-layout-flow\">\n<p class=\"has-text-color has-extra-small-font-size\" style=\"color:#000000\">Kratek opis ambulante<\/p>\n<\/div>\n\n\n\n<div class=\"wp-block-column is-layout-flow wp-block-column-is-layout-flow\">\n<iframe src=\"https:\/\/www.google.com\/maps\/embed?pb=!1m18!1m12!1m3!1d2737.2456164660503!2d15.647193777097131!3d46.68115315142346!2m3!1f0!2f0!3f0!3m2!1i1024!2i768!4f13.1!3m3!1m2!1s0x476f9ff721d7ea75%3A0x6a04fd3a16252247!2sSlovenska%20ulica%201%2C%202212%20%C5%A0entilj%20v%20Slov.%20goricah!5e0!3m2!1ssl!2ssi!4v1708847553618!5m2!1ssl!2ssi\" width=\"300\" height=\"200\" style=\"border:0;\" allowfullscreen=\"\" loading=\"lazy\" referrerpolicy=\"no-referrer-when-downgrade\"><\/iframe>\n<\/div>\n<\/div>\n<\/div>\n","protected":false},"excerpt":{"rendered":"<p>Veterinarska bolnica Maribor Kratek opis ambulante Ambulanta Ho\u010de Kratek opis ambulante Ambulanta Ru\u0161e Kratek opis ambulante Ambulanta \u0160entilj v Slov. goricah Kratek opis ambulante<\/p>\n","protected":false},"author":2,"featured_media":0,"parent":0,"menu_order":3,"comment_status":"closed","ping_status":"closed","template":"","meta":{"_eb_attr":"","footnotes":""},"_links":{"self":[{"href":"http:\/\/veterinarska-bolnica.si\/index.php?rest_route=\/wp\/v2\/pages\/12"}],"collection":[{"href":"http:\/\/veterinarska-bolnica.si\/index.php?rest_route=\/wp\/v2\/pages"}],"about":[{"href":"http:\/\/veterinarska-bolnica.si\/index.php?rest_route=\/wp\/v2\/types\/page"}],"author":[{"embeddable":true,"href":"http:\/\/veterinarska-bolnica.si\/index.php?rest_route=\/wp\/v2\/users\/2"}],"replies":[{"embeddable":true,"href":"http:\/\/veterinarska-bolnica.si\/index.php?rest_route=%2Fwp%2Fv2%2Fcomments&post=12"}],"version-history":[{"count":12,"href":"http:\/\/veterinarska-bolnica.si\/index.php?rest_route=\/wp\/v2\/pages\/12\/revisions"}],"predecessor-version":[{"id":902,"href":"http:\/\/veterinarska-bolnica.si\/index.php?rest_route=\/wp\/v2\/pages\/12\/revisions\/902"}],"wp:attachment":[{"href":"http:\/\/veterinarska-bolnica.si\/index.php?rest_route=%2Fwp%2Fv2%2Fmedia&parent=12"}],"curies":[{"name":"wp","href":"https:\/\/api.w.org\/{rel}","templated":true}]}}